{"id":252,"date":"2025-08-02T15:18:40","date_gmt":"2025-08-02T07:18:40","guid":{"rendered":"https:\/\/razorbarbedwiresupplier.com\/?page_id=252"},"modified":"2026-01-21T08:18:36","modified_gmt":"2026-01-21T00:18:36","slug":"arame-farpado-2","status":"publish","type":"page","link":"https:\/\/razorbarbedwiresupplier.com\/pt\/arame-farpado-2\/","title":{"rendered":"Arame farpado"},"content":{"rendered":"<div data-elementor-type=\"wp-page\" data-elementor-id=\"252\" class=\"elementor elementor-252\" data-elementor-post-type=\"page\">\n\t\t\t\t<div class=\"elementor-element elementor-element-145c7aac e-con-full e-flex e-con e-parent\" data-id=\"145c7aac\" data-element_type=\"container\" data-e-type=\"container\">\n\t\t<div class=\"elementor-element elementor-element-4b0552ed e-con-full e-flex e-con e-child\" data-id=\"4b0552ed\" data-element_type=\"container\" data-e-type=\"container\">\n\t\t\t\t<div class=\"elementor-element elementor-element-5a530003 elementor-widget__width-auto elementor-widget-mobile__width-inherit elementor-widget elementor-widget-heading\" data-id=\"5a530003\" data-element_type=\"widget\" data-e-type=\"widget\" data-widget_type=\"heading.default\">\n\t\t\t\t\t<h3 class=\"elementor-heading-title elementor-size-default\">Arame farpado<\/h3>\t\t\t\t<\/div>\n\t\t\t\t<\/div>\n\t\t<div class=\"elementor-element elementor-element-17fc5f97 e-con-full e-flex e-con e-child\" data-id=\"17fc5f97\" data-element_type=\"container\" data-e-type=\"container\">\n\t\t<div class=\"elementor-element elementor-element-4b8de0e e-con-full e-flex e-con e-child\" data-id=\"4b8de0e\" data-element_type=\"container\" data-e-type=\"container\">\n\t\t\t\t<div class=\"elementor-element elementor-element-7992eb5d elementor-widget elementor-widget-image\" data-id=\"7992eb5d\" data-element_type=\"widget\" data-e-type=\"widget\" data-widget_type=\"image.default\">\n\t\t\t\t\t\t\t\t\t\t\t\t\t\t\t<img fetchpriority=\"high\" decoding=\"async\" width=\"1240\" height=\"924\" src=\"https:\/\/razorbarbedwiresupplier.com\/wp-content\/uploads\/2025\/08\/11e66ecf7b892328e654f50585821fa8.jpg\" class=\"attachment-full size-full wp-image-439\" alt=\"\" srcset=\"https:\/\/razorbarbedwiresupplier.com\/wp-content\/uploads\/2025\/08\/11e66ecf7b892328e654f50585821fa8.jpg 1240w, https:\/\/razorbarbedwiresupplier.com\/wp-content\/uploads\/2025\/08\/11e66ecf7b892328e654f50585821fa8-300x224.jpg 300w, https:\/\/razorbarbedwiresupplier.com\/wp-content\/uploads\/2025\/08\/11e66ecf7b892328e654f50585821fa8-1024x763.jpg 1024w, https:\/\/razorbarbedwiresupplier.com\/wp-content\/uploads\/2025\/08\/11e66ecf7b892328e654f50585821fa8-768x572.jpg 768w\" sizes=\"(max-width: 1240px) 100vw, 1240px\" \/>\t\t\t\t\t\t\t\t\t\t\t\t\t\t\t<\/div>\n\t\t\t\t<div class=\"elementor-element elementor-element-47d38087 elementor-invisible elementor-widget elementor-widget-image-box\" data-id=\"47d38087\" data-element_type=\"widget\" data-e-type=\"widget\" data-settings=\"{&quot;_animation&quot;:&quot;fadeInDown&quot;}\" data-widget_type=\"image-box.default\">\n\t\t\t\t\t<div class=\"elementor-image-box-wrapper\"><div class=\"elementor-image-box-content\"><h4 class=\"elementor-image-box-title\"><a href=\"https:\/\/razorbarbedwiresupplier.com\/pt\/arame-farpado-de-torcao-simples\/\" target=\"_blank\">Arame farpado de tor\u00e7\u00e3o simples<\/a><\/h4><p class=\"elementor-image-box-description\">General Uses: Single-strand twisted barbed wire is a modern security fencing material made from high-strength steel wire. <\/p><\/div><\/div>\t\t\t\t<\/div>\n\t\t<div class=\"elementor-element elementor-element-784b408 e-con-full e-flex e-con e-child\" data-id=\"784b408\" data-element_type=\"container\" data-e-type=\"container\">\n\t\t\t\t<div class=\"elementor-element elementor-element-f2db90a elementor-align-center elementor-widget elementor-widget-button\" data-id=\"f2db90a\" data-element_type=\"widget\" data-e-type=\"widget\" data-widget_type=\"button.default\">\n\t\t\t\t\t\t\t\t\t\t<a class=\"elementor-button elementor-button-link elementor-size-sm\" href=\"https:\/\/razorbarbedwiresupplier.com\/pt\/arame-farpado-de-torcao-simples\/\" target=\"_blank\">\n\t\t\t\t\t\t<span class=\"elementor-button-content-wrapper\">\n\t\t\t\t\t\t\t\t\t<span class=\"elementor-button-text\">Exibir produto<\/span>\n\t\t\t\t\t<\/span>\n\t\t\t\t\t<\/a>\n\t\t\t\t\t\t\t\t<\/div>\n\t\t\t\t<\/div>\n\t\t\t\t<\/div>\n\t\t<div class=\"elementor-element elementor-element-20827c17 e-con-full e-flex e-con e-child\" data-id=\"20827c17\" data-element_type=\"container\" data-e-type=\"container\">\n\t\t\t\t<div class=\"elementor-element elementor-element-41cdfaec elementor-widget elementor-widget-image\" data-id=\"41cdfaec\" data-element_type=\"widget\" data-e-type=\"widget\" data-widget_type=\"image.default\">\n\t\t\t\t\t\t\t\t\t\t\t\t\t\t\t<img decoding=\"async\" width=\"1240\" height=\"916\" src=\"https:\/\/razorbarbedwiresupplier.com\/wp-content\/uploads\/2025\/08\/b2dd3afe4c90df9f89c791d53ae3ee89.jpg\" class=\"attachment-full size-full wp-image-444\" alt=\"\" srcset=\"https:\/\/razorbarbedwiresupplier.com\/wp-content\/uploads\/2025\/08\/b2dd3afe4c90df9f89c791d53ae3ee89.jpg 1240w, https:\/\/razorbarbedwiresupplier.com\/wp-content\/uploads\/2025\/08\/b2dd3afe4c90df9f89c791d53ae3ee89-300x222.jpg 300w, https:\/\/razorbarbedwiresupplier.com\/wp-content\/uploads\/2025\/08\/b2dd3afe4c90df9f89c791d53ae3ee89-1024x756.jpg 1024w, https:\/\/razorbarbedwiresupplier.com\/wp-content\/uploads\/2025\/08\/b2dd3afe4c90df9f89c791d53ae3ee89-768x567.jpg 768w\" sizes=\"(max-width: 1240px) 100vw, 1240px\" \/>\t\t\t\t\t\t\t\t\t\t\t\t\t\t\t<\/div>\n\t\t\t\t<div class=\"elementor-element elementor-element-24c1f0eb elementor-invisible elementor-widget elementor-widget-image-box\" data-id=\"24c1f0eb\" data-element_type=\"widget\" data-e-type=\"widget\" data-settings=\"{&quot;_animation&quot;:&quot;fadeInDown&quot;}\" data-widget_type=\"image-box.default\">\n\t\t\t\t\t<div class=\"elementor-image-box-wrapper\"><div class=\"elementor-image-box-content\"><h4 class=\"elementor-image-box-title\">Arame farpado de tor\u00e7\u00e3o dupla<\/h4><p class=\"elementor-image-box-description\">Uso geral: o arame farpado de tor\u00e7\u00e3o dupla \u00e9 um material moderno para cercas de seguran\u00e7a fabricado com arame de alta resist\u00eancia. <\/p><\/div><\/div>\t\t\t\t<\/div>\n\t\t<div class=\"elementor-element elementor-element-e53a9bd e-con-full e-flex e-con e-child\" data-id=\"e53a9bd\" data-element_type=\"container\" data-e-type=\"container\">\n\t\t\t\t<div class=\"elementor-element elementor-element-5428b0a elementor-align-center elementor-widget elementor-widget-button\" data-id=\"5428b0a\" data-element_type=\"widget\" data-e-type=\"widget\" data-widget_type=\"button.default\">\n\t\t\t\t\t\t\t\t\t\t<a class=\"elementor-button elementor-button-link elementor-size-sm\" href=\"https:\/\/razorbarbedwiresupplier.com\/pt\/arame-farpado-de-dupla-torcao\/\" target=\"_blank\">\n\t\t\t\t\t\t<span class=\"elementor-button-content-wrapper\">\n\t\t\t\t\t\t\t\t\t<span class=\"elementor-button-text\">Exibir produto<\/span>\n\t\t\t\t\t<\/span>\n\t\t\t\t\t<\/a>\n\t\t\t\t\t\t\t\t<\/div>\n\t\t\t\t<\/div>\n\t\t\t\t<\/div>\n\t\t<div class=\"elementor-element elementor-element-690a0916 e-con-full e-flex e-con e-child\" data-id=\"690a0916\" data-element_type=\"container\" data-e-type=\"container\">\n\t\t\t\t<div class=\"elementor-element elementor-element-3e40065a elementor-widget elementor-widget-image\" data-id=\"3e40065a\" data-element_type=\"widget\" data-e-type=\"widget\" data-widget_type=\"image.default\">\n\t\t\t\t\t\t\t\t\t\t\t\t\t\t\t<img decoding=\"async\" width=\"1240\" height=\"928\" src=\"https:\/\/razorbarbedwiresupplier.com\/wp-content\/uploads\/2025\/08\/1320056acf79eb578ec260ea150e13c6.jpg\" class=\"attachment-full size-full wp-image-449\" alt=\"\" srcset=\"https:\/\/razorbarbedwiresupplier.com\/wp-content\/uploads\/2025\/08\/1320056acf79eb578ec260ea150e13c6.jpg 1240w, https:\/\/razorbarbedwiresupplier.com\/wp-content\/uploads\/2025\/08\/1320056acf79eb578ec260ea150e13c6-300x225.jpg 300w, https:\/\/razorbarbedwiresupplier.com\/wp-content\/uploads\/2025\/08\/1320056acf79eb578ec260ea150e13c6-1024x766.jpg 1024w, https:\/\/razorbarbedwiresupplier.com\/wp-content\/uploads\/2025\/08\/1320056acf79eb578ec260ea150e13c6-768x575.jpg 768w\" sizes=\"(max-width: 1240px) 100vw, 1240px\" \/>\t\t\t\t\t\t\t\t\t\t\t\t\t\t\t<\/div>\n\t\t\t\t<div class=\"elementor-element elementor-element-7226b39d elementor-invisible elementor-widget elementor-widget-image-box\" data-id=\"7226b39d\" data-element_type=\"widget\" data-e-type=\"widget\" data-settings=\"{&quot;_animation&quot;:&quot;fadeInDown&quot;}\" data-widget_type=\"image-box.default\">\n\t\t\t\t\t<div class=\"elementor-image-box-wrapper\"><div class=\"elementor-image-box-content\"><h4 class=\"elementor-image-box-title\">Arame farpado revestido de PVC<\/h4><p class=\"elementor-image-box-description\">O revestimento de PVC \u00e9 um processo especial de tratamento de superf\u00edcie que cobre a superf\u00edcie do fio com uma camada de cloreto de polivinila, o que aumenta a vida \u00fatil.<\/p><\/div><\/div>\t\t\t\t<\/div>\n\t\t<div class=\"elementor-element elementor-element-126ace5 e-con-full e-flex e-con e-child\" data-id=\"126ace5\" data-element_type=\"container\" data-e-type=\"container\">\n\t\t\t\t<div class=\"elementor-element elementor-element-5ac18de elementor-align-center elementor-widget elementor-widget-button\" data-id=\"5ac18de\" data-element_type=\"widget\" data-e-type=\"widget\" data-widget_type=\"button.default\">\n\t\t\t\t\t\t\t\t\t\t<a class=\"elementor-button elementor-button-link elementor-size-sm\" href=\"#\">\n\t\t\t\t\t\t<span class=\"elementor-button-content-wrapper\">\n\t\t\t\t\t\t\t\t\t<span class=\"elementor-button-text\">Exibir produto<\/span>\n\t\t\t\t\t<\/span>\n\t\t\t\t\t<\/a>\n\t\t\t\t\t\t\t\t<\/div>\n\t\t\t\t<\/div>\n\t\t\t\t<\/div>\n\t\t\t\t<\/div>\n\t\t\t\t<\/div>\n\t\t\t\t<\/div>","protected":false},"excerpt":{"rendered":"<p>Barbed Wire Single T [&hellip;]<\/p>\n","protected":false},"author":1,"featured_media":0,"parent":0,"menu_order":0,"comment_status":"closed","ping_status":"closed","template":"","meta":{"site-sidebar-layout":"no-sidebar","site-content-layout":"","ast-site-content-layout":"full-width-container","site-content-style":"default","site-sidebar-style":"default","ast-global-header-display":"","ast-banner-title-visibility":"","ast-main-header-display":"","ast-hfb-above-header-display":"","ast-hfb-below-header-display":"","ast-hfb-mobile-header-display":"","site-post-title":"disabled","ast-breadcrumbs-content":"","ast-featured-img":"disabled","footer-sml-layout":"","ast-disable-related-posts":"","theme-transparent-header-meta":"","adv-header-id-meta":"","stick-header-meta":"","header-above-stick-meta":"","header-main-stick-meta":"","header-below-stick-meta":"","astra-migrate-meta-layouts":"default","ast-page-background-enabled":"default","ast-page-background-meta":{"desktop":{"background-color":"var(--ast-global-color-5)","background-image":"","background-repeat":"repeat","background-position":"center center","background-size":"auto","background-attachment":"scroll","background-type":"","background-media":"","overlay-type":"","overlay-color":"","overlay-opacity":"","overlay-gradient":""},"tablet":{"background-color":"","background-image":"","background-repeat":"repeat","background-position":"center center","background-size":"auto","background-attachment":"scroll","background-type":"","background-media":"","overlay-type":"","overlay-color":"","overlay-opacity":"","overlay-gradient":""},"mobile":{"background-color":"","background-image":"","background-repeat":"repeat","background-position":"center center","background-size":"auto","background-attachment":"scroll","background-type":"","background-media":"","overlay-type":"","overlay-color":"","overlay-opacity":"","overlay-gradient":""}},"ast-content-background-meta":{"desktop":{"background-color":"var(--ast-global-color-4)","background-image":"","background-repeat":"repeat","background-position":"center center","background-size":"auto","background-attachment":"scroll","background-type":"","background-media":"","overlay-type":"","overlay-color":"","overlay-opacity":"","overlay-gradient":""},"tablet":{"background-color":"var(--ast-global-color-4)","background-image":"","background-repeat":"repeat","background-position":"center center","background-size":"auto","background-attachment":"scroll","background-type":"","background-media":"","overlay-type":"","overlay-color":"","overlay-opacity":"","overlay-gradient":""},"mobile":{"background-color":"var(--ast-global-color-4)","background-image":"","background-repeat":"repeat","background-position":"center center","background-size":"auto","background-attachment":"scroll","background-type":"","background-media":"","overlay-type":"","overlay-color":"","overlay-opacity":"","overlay-gradient":""}},"footnotes":""},"class_list":["post-252","page","type-page","status-publish","hentry"],"yoast_head":"<!-- This site is optimized with the Yoast SEO Premium plugin v26.3 (Yoast SEO v27.4) - https:\/\/yoast.com\/product\/yoast-seo-premium-wordpress\/ -->\n<title>Barbed Wire - Professional Razor Wire, Concertina Wire &amp; Barbed Wire Manufacturer | Custom Solutions<\/title>\n<meta name=\"description\" content=\"Professional razor wire, concertina wire &amp; barbed wire manufacturer with first-class factories. Customize wire diameter, coil size &amp; coating to meet your needs. Competitive prices for global exports.\" \/>\n<meta name=\"robots\" content=\"index, follow, max-snippet:-1, max-image-preview:large, max-video-preview:-1\" \/>\n<link rel=\"canonical\" href=\"https:\/\/razorbarbedwiresupplier.com\/pt\/arame-farpado-2\/\" \/>\n<meta property=\"og:locale\" content=\"pt_BR\" \/>\n<meta property=\"og:type\" content=\"article\" \/>\n<meta property=\"og:title\" content=\"Barbed Wire\" \/>\n<meta property=\"og:description\" content=\"Professional razor wire, concertina wire &amp; barbed wire manufacturer with first-class factories. Customize wire diameter, coil size &amp; coating to meet your needs. Competitive prices for global exports.\" \/>\n<meta property=\"og:url\" content=\"https:\/\/razorbarbedwiresupplier.com\/pt\/arame-farpado-2\/\" \/>\n<meta property=\"og:site_name\" content=\"Professional Razor Wire, Concertina Wire &amp; Barbed Wire Manufacturer | Custom Solutions\" \/>\n<meta property=\"article:modified_time\" content=\"2026-01-21T00:18:36+00:00\" \/>\n<meta property=\"og:image\" content=\"https:\/\/razorbarbedwiresupplier.com\/wp-content\/uploads\/2025\/08\/11e66ecf7b892328e654f50585821fa8.jpg\" \/>\n\t<meta property=\"og:image:width\" content=\"1240\" \/>\n\t<meta property=\"og:image:height\" content=\"924\" \/>\n\t<meta property=\"og:image:type\" content=\"image\/jpeg\" \/>\n<meta name=\"twitter:card\" content=\"summary_large_image\" \/>\n<meta name=\"twitter:label1\" content=\"Est. tempo de leitura\" \/>\n\t<meta name=\"twitter:data1\" content=\"1 minuto\" \/>\n<script type=\"application\/ld+json\" class=\"yoast-schema-graph\">{\"@context\":\"https:\\\/\\\/schema.org\",\"@graph\":[{\"@type\":\"WebPage\",\"@id\":\"https:\\\/\\\/razorbarbedwiresupplier.com\\\/barbed-wire\\\/\",\"url\":\"https:\\\/\\\/razorbarbedwiresupplier.com\\\/barbed-wire\\\/\",\"name\":\"Barbed Wire - Professional Razor Wire, Concertina Wire &amp; Barbed Wire Manufacturer | Custom Solutions\",\"isPartOf\":{\"@id\":\"https:\\\/\\\/razorbarbedwiresupplier.com\\\/#website\"},\"primaryImageOfPage\":{\"@id\":\"https:\\\/\\\/razorbarbedwiresupplier.com\\\/barbed-wire\\\/#primaryimage\"},\"image\":{\"@id\":\"https:\\\/\\\/razorbarbedwiresupplier.com\\\/barbed-wire\\\/#primaryimage\"},\"thumbnailUrl\":\"https:\\\/\\\/razorbarbedwiresupplier.com\\\/wp-content\\\/uploads\\\/2025\\\/08\\\/11e66ecf7b892328e654f50585821fa8.jpg\",\"datePublished\":\"2025-08-02T07:18:40+00:00\",\"dateModified\":\"2026-01-21T00:18:36+00:00\",\"description\":\"Professional razor wire, concertina wire & barbed wire manufacturer with first-class factories. Customize wire diameter, coil size & coating to meet your needs. Competitive prices for global exports.\",\"breadcrumb\":{\"@id\":\"https:\\\/\\\/razorbarbedwiresupplier.com\\\/barbed-wire\\\/#breadcrumb\"},\"inLanguage\":\"pt-BR\",\"potentialAction\":[{\"@type\":\"ReadAction\",\"target\":[\"https:\\\/\\\/razorbarbedwiresupplier.com\\\/barbed-wire\\\/\"]}]},{\"@type\":\"ImageObject\",\"inLanguage\":\"pt-BR\",\"@id\":\"https:\\\/\\\/razorbarbedwiresupplier.com\\\/barbed-wire\\\/#primaryimage\",\"url\":\"https:\\\/\\\/razorbarbedwiresupplier.com\\\/wp-content\\\/uploads\\\/2025\\\/08\\\/11e66ecf7b892328e654f50585821fa8.jpg\",\"contentUrl\":\"https:\\\/\\\/razorbarbedwiresupplier.com\\\/wp-content\\\/uploads\\\/2025\\\/08\\\/11e66ecf7b892328e654f50585821fa8.jpg\"},{\"@type\":\"BreadcrumbList\",\"@id\":\"https:\\\/\\\/razorbarbedwiresupplier.com\\\/barbed-wire\\\/#breadcrumb\",\"itemListElement\":[{\"@type\":\"ListItem\",\"position\":1,\"name\":\"\u9996\u9875\",\"item\":\"https:\\\/\\\/razorbarbedwiresupplier.com\\\/\"},{\"@type\":\"ListItem\",\"position\":2,\"name\":\"Barbed Wire\"}]},{\"@type\":\"WebSite\",\"@id\":\"https:\\\/\\\/razorbarbedwiresupplier.com\\\/#website\",\"url\":\"https:\\\/\\\/razorbarbedwiresupplier.com\\\/\",\"name\":\"Tuolun Outdoor Safety Razor Wire Solution Factory\",\"description\":\"Outdoor Razor Wire Fencing Solutions\",\"publisher\":{\"@id\":\"https:\\\/\\\/razorbarbedwiresupplier.com\\\/#organization\"},\"alternateName\":\"Tuolun BTO16\\\/22-CBT60\\\/65 barbed wire production factory\",\"potentialAction\":[{\"@type\":\"SearchAction\",\"target\":{\"@type\":\"EntryPoint\",\"urlTemplate\":\"https:\\\/\\\/razorbarbedwiresupplier.com\\\/?s={search_term_string}\"},\"query-input\":{\"@type\":\"PropertyValueSpecification\",\"valueRequired\":true,\"valueName\":\"search_term_string\"}}],\"inLanguage\":\"pt-BR\"},{\"@type\":\"Organization\",\"@id\":\"https:\\\/\\\/razorbarbedwiresupplier.com\\\/#organization\",\"name\":\"Tuolun Outdoor Safety Razor Wire Solution Factory\",\"alternateName\":\"Tuolun BTO16\\\/22-CBT60\\\/65 barbed wire production factory\",\"url\":\"https:\\\/\\\/razorbarbedwiresupplier.com\\\/\",\"logo\":{\"@type\":\"ImageObject\",\"inLanguage\":\"pt-BR\",\"@id\":\"https:\\\/\\\/razorbarbedwiresupplier.com\\\/#\\\/schema\\\/logo\\\/image\\\/\",\"url\":\"https:\\\/\\\/razorbarbedwiresupplier.com\\\/wp-content\\\/uploads\\\/2025\\\/07\\\/cropped-a772bba972e4d0d844c588ab2750d6f81.png\",\"contentUrl\":\"https:\\\/\\\/razorbarbedwiresupplier.com\\\/wp-content\\\/uploads\\\/2025\\\/07\\\/cropped-a772bba972e4d0d844c588ab2750d6f81.png\",\"width\":711,\"height\":189,\"caption\":\"Tuolun Outdoor Safety Razor Wire Solution Factory\"},\"image\":{\"@id\":\"https:\\\/\\\/razorbarbedwiresupplier.com\\\/#\\\/schema\\\/logo\\\/image\\\/\"}}]}<\/script>\n<!-- \/ Yoast SEO Premium plugin. -->","yoast_head_json":{"title":"Barbed Wire - Professional Razor Wire, Concertina Wire &amp; Barbed Wire Manufacturer | Custom Solutions","description":"Professional razor wire, concertina wire & barbed wire manufacturer with first-class factories. Customize wire diameter, coil size & coating to meet your needs. Competitive prices for global exports.","robots":{"index":"index","follow":"follow","max-snippet":"max-snippet:-1","max-image-preview":"max-image-preview:large","max-video-preview":"max-video-preview:-1"},"canonical":"https:\/\/razorbarbedwiresupplier.com\/pt\/arame-farpado-2\/","og_locale":"pt_BR","og_type":"article","og_title":"Barbed Wire","og_description":"Professional razor wire, concertina wire & barbed wire manufacturer with first-class factories. Customize wire diameter, coil size & coating to meet your needs. Competitive prices for global exports.","og_url":"https:\/\/razorbarbedwiresupplier.com\/pt\/arame-farpado-2\/","og_site_name":"Professional Razor Wire, Concertina Wire &amp; Barbed Wire Manufacturer | Custom Solutions","article_modified_time":"2026-01-21T00:18:36+00:00","og_image":[{"width":1240,"height":924,"url":"https:\/\/razorbarbedwiresupplier.com\/wp-content\/uploads\/2025\/08\/11e66ecf7b892328e654f50585821fa8.jpg","type":"image\/jpeg"}],"twitter_card":"summary_large_image","twitter_misc":{"Est. tempo de leitura":"1 minuto"},"schema":{"@context":"https:\/\/schema.org","@graph":[{"@type":"WebPage","@id":"https:\/\/razorbarbedwiresupplier.com\/barbed-wire\/","url":"https:\/\/razorbarbedwiresupplier.com\/barbed-wire\/","name":"Barbed Wire - Professional Razor Wire, Concertina Wire &amp; Barbed Wire Manufacturer | Custom Solutions","isPartOf":{"@id":"https:\/\/razorbarbedwiresupplier.com\/#website"},"primaryImageOfPage":{"@id":"https:\/\/razorbarbedwiresupplier.com\/barbed-wire\/#primaryimage"},"image":{"@id":"https:\/\/razorbarbedwiresupplier.com\/barbed-wire\/#primaryimage"},"thumbnailUrl":"https:\/\/razorbarbedwiresupplier.com\/wp-content\/uploads\/2025\/08\/11e66ecf7b892328e654f50585821fa8.jpg","datePublished":"2025-08-02T07:18:40+00:00","dateModified":"2026-01-21T00:18:36+00:00","description":"Professional razor wire, concertina wire & barbed wire manufacturer with first-class factories. Customize wire diameter, coil size & coating to meet your needs. Competitive prices for global exports.","breadcrumb":{"@id":"https:\/\/razorbarbedwiresupplier.com\/barbed-wire\/#breadcrumb"},"inLanguage":"pt-BR","potentialAction":[{"@type":"ReadAction","target":["https:\/\/razorbarbedwiresupplier.com\/barbed-wire\/"]}]},{"@type":"ImageObject","inLanguage":"pt-BR","@id":"https:\/\/razorbarbedwiresupplier.com\/barbed-wire\/#primaryimage","url":"https:\/\/razorbarbedwiresupplier.com\/wp-content\/uploads\/2025\/08\/11e66ecf7b892328e654f50585821fa8.jpg","contentUrl":"https:\/\/razorbarbedwiresupplier.com\/wp-content\/uploads\/2025\/08\/11e66ecf7b892328e654f50585821fa8.jpg"},{"@type":"BreadcrumbList","@id":"https:\/\/razorbarbedwiresupplier.com\/barbed-wire\/#breadcrumb","itemListElement":[{"@type":"ListItem","position":1,"name":"\u9996\u9875","item":"https:\/\/razorbarbedwiresupplier.com\/"},{"@type":"ListItem","position":2,"name":"Barbed Wire"}]},{"@type":"WebSite","@id":"https:\/\/razorbarbedwiresupplier.com\/#website","url":"https:\/\/razorbarbedwiresupplier.com\/","name":"Tuolun Outdoor Safety Razor Wire Solution Factory","description":"Outdoor Razor Wire Fencing Solutions","publisher":{"@id":"https:\/\/razorbarbedwiresupplier.com\/#organization"},"alternateName":"Tuolun BTO16\/22-CBT60\/65 barbed wire production factory","potentialAction":[{"@type":"SearchAction","target":{"@type":"EntryPoint","urlTemplate":"https:\/\/razorbarbedwiresupplier.com\/?s={search_term_string}"},"query-input":{"@type":"PropertyValueSpecification","valueRequired":true,"valueName":"search_term_string"}}],"inLanguage":"pt-BR"},{"@type":"Organization","@id":"https:\/\/razorbarbedwiresupplier.com\/#organization","name":"Tuolun Outdoor Safety Razor Wire Solution Factory","alternateName":"Tuolun BTO16\/22-CBT60\/65 barbed wire production factory","url":"https:\/\/razorbarbedwiresupplier.com\/","logo":{"@type":"ImageObject","inLanguage":"pt-BR","@id":"https:\/\/razorbarbedwiresupplier.com\/#\/schema\/logo\/image\/","url":"https:\/\/razorbarbedwiresupplier.com\/wp-content\/uploads\/2025\/07\/cropped-a772bba972e4d0d844c588ab2750d6f81.png","contentUrl":"https:\/\/razorbarbedwiresupplier.com\/wp-content\/uploads\/2025\/07\/cropped-a772bba972e4d0d844c588ab2750d6f81.png","width":711,"height":189,"caption":"Tuolun Outdoor Safety Razor Wire Solution Factory"},"image":{"@id":"https:\/\/razorbarbedwiresupplier.com\/#\/schema\/logo\/image\/"}}]}},"_links":{"self":[{"href":"https:\/\/razorbarbedwiresupplier.com\/pt\/wp-json\/wp\/v2\/pages\/252","targetHints":{"allow":["GET"]}}],"collection":[{"href":"https:\/\/razorbarbedwiresupplier.com\/pt\/wp-json\/wp\/v2\/pages"}],"about":[{"href":"https:\/\/razorbarbedwiresupplier.com\/pt\/wp-json\/wp\/v2\/types\/page"}],"author":[{"embeddable":true,"href":"https:\/\/razorbarbedwiresupplier.com\/pt\/wp-json\/wp\/v2\/users\/1"}],"replies":[{"embeddable":true,"href":"https:\/\/razorbarbedwiresupplier.com\/pt\/wp-json\/wp\/v2\/comments?post=252"}],"version-history":[{"count":13,"href":"https:\/\/razorbarbedwiresupplier.com\/pt\/wp-json\/wp\/v2\/pages\/252\/revisions"}],"predecessor-version":[{"id":1055,"href":"https:\/\/razorbarbedwiresupplier.com\/pt\/wp-json\/wp\/v2\/pages\/252\/revisions\/1055"}],"wp:attachment":[{"href":"https:\/\/razorbarbedwiresupplier.com\/pt\/wp-json\/wp\/v2\/media?parent=252"}],"curies":[{"name":"wp","href":"https:\/\/api.w.org\/{rel}","templated":true}]}}