{"id":256,"date":"2025-08-02T15:18:40","date_gmt":"2025-08-02T07:18:40","guid":{"rendered":"https:\/\/razorbarbedwiresupplier.com\/?page_id=256"},"modified":"2026-01-21T08:48:50","modified_gmt":"2026-01-21T00:48:50","slug":"arame-farpado-revestido-de-pvc","status":"publish","type":"page","link":"https:\/\/razorbarbedwiresupplier.com\/pt\/arame-farpado-revestido-de-pvc\/","title":{"rendered":"Arame farpado revestido de PVC"},"content":{"rendered":"<div data-elementor-type=\"wp-page\" data-elementor-id=\"256\" class=\"elementor elementor-256\" data-elementor-post-type=\"page\">\n\t\t\t\t<div class=\"elementor-element elementor-element-2f757a3f e-con-full e-flex e-con e-parent\" data-id=\"2f757a3f\" data-element_type=\"container\" data-e-type=\"container\" data-settings=\"{&quot;background_background&quot;:&quot;classic&quot;}\">\n\t\t\t\t<\/div>\n\t\t<div class=\"elementor-element elementor-element-3f1f5d8f e-flex e-con-boxed e-con e-parent\" data-id=\"3f1f5d8f\" data-element_type=\"container\" data-e-type=\"container\" data-settings=\"{&quot;background_background&quot;:&quot;classic&quot;}\">\n\t\t\t\t\t<div class=\"e-con-inner\">\n\t\t<div class=\"elementor-element elementor-element-39006290 e-con-full e-flex e-con e-child\" data-id=\"39006290\" data-element_type=\"container\" data-e-type=\"container\">\n\t\t\t\t<div class=\"elementor-element elementor-element-67290c5b elementor-widget-tablet__width-initial elementor-invisible elementor-widget elementor-widget-image\" data-id=\"67290c5b\" data-element_type=\"widget\" data-e-type=\"widget\" data-settings=\"{&quot;_animation&quot;:&quot;zoomIn&quot;}\" data-widget_type=\"image.default\">\n\t\t\t\t\t\t\t\t\t\t\t\t\t\t\t<img fetchpriority=\"high\" decoding=\"async\" width=\"1024\" height=\"766\" src=\"https:\/\/razorbarbedwiresupplier.com\/wp-content\/uploads\/2025\/08\/1320056acf79eb578ec260ea150e13c6-1024x766.jpg\" class=\"attachment-large size-large wp-image-449\" alt=\"\" srcset=\"https:\/\/razorbarbedwiresupplier.com\/wp-content\/uploads\/2025\/08\/1320056acf79eb578ec260ea150e13c6-1024x766.jpg 1024w, https:\/\/razorbarbedwiresupplier.com\/wp-content\/uploads\/2025\/08\/1320056acf79eb578ec260ea150e13c6-300x225.jpg 300w, https:\/\/razorbarbedwiresupplier.com\/wp-content\/uploads\/2025\/08\/1320056acf79eb578ec260ea150e13c6-768x575.jpg 768w, https:\/\/razorbarbedwiresupplier.com\/wp-content\/uploads\/2025\/08\/1320056acf79eb578ec260ea150e13c6.jpg 1240w\" sizes=\"(max-width: 1024px) 100vw, 1024px\" \/>\t\t\t\t\t\t\t\t\t\t\t\t\t\t\t<\/div>\n\t\t\t\t<\/div>\n\t\t<div class=\"elementor-element elementor-element-486bd6f e-con-full e-flex e-con e-child\" data-id=\"486bd6f\" data-element_type=\"container\" data-e-type=\"container\">\n\t\t\t\t<div class=\"elementor-element elementor-element-1c0d1e11 elementor-widget elementor-widget-heading\" data-id=\"1c0d1e11\" data-element_type=\"widget\" data-e-type=\"widget\" data-widget_type=\"heading.default\">\n\t\t\t\t\t<h2 class=\"elementor-heading-title elementor-size-default\">Arame farpado revestido de PVC<\/h2>\t\t\t\t<\/div>\n\t\t\t\t<div class=\"elementor-element elementor-element-156ed4ae elementor-widget-laptop__width-initial elementor-widget elementor-widget-text-editor\" data-id=\"156ed4ae\" data-element_type=\"widget\" data-e-type=\"widget\" data-widget_type=\"text-editor.default\">\n\t\t\t\t\t\t\t\t\t<p>Uma variedade de cores, como verde, azul, amarelo, laranja e cinza, est\u00e1 dispon\u00edvel no arame farpado revestido de PVC produzido por n\u00f3s.<br \/>Caracter\u00edstica: devido \u00e0 alta resist\u00eancia e \u00e0 maior tenacidade, o PVC pode reduzir o desgaste entre camada e camada, cabo e carretel durante a opera\u00e7\u00e3o. Com excelente resist\u00eancia \u00e0 corros\u00e3o, o cabo de a\u00e7o de PVC \u00e9 bom para engenharia oce\u00e2nica, m\u00e1quinas de irriga\u00e7\u00e3o e grandes escavadeiras. Com a excelente resist\u00eancia \u00e0 corros\u00e3o, o cabo de a\u00e7o de PVC \u00e9 bom para engenharia oce\u00e2nica, m\u00e1quinas de irriga\u00e7\u00e3o e grandes escavadeiras.<br \/>Uso geral: O arame farpado revestido de PVC \u00e9 um tipo de material moderno para cercas de seguran\u00e7a fabricado com arame de alta resist\u00eancia. pode ser instalado para assustar e deter os intrusos agressivos do per\u00edmetro, com l\u00e2minas de barbear cortantes montadas na parte superior da parede, al\u00e9m de projetos especiais que fazem com que a escalada e o toque O arame e a fita s\u00e3o galvanizados para evitar a corros\u00e3o.<br \/>Embalagem: em bobinas de 25 kg ou 50 kg de rede, forradas com tiras de P.V.C. e, em seguida, embrulhadas com P.V.C. ou tecido de Hessian.<\/p>\t\t\t\t\t\t\t\t<\/div>\n\t\t\t\t<\/div>\n\t\t\t\t\t<\/div>\n\t\t\t\t<\/div>\n\t\t<div class=\"elementor-element elementor-element-4262d0e1 e-con-full e-flex e-con e-parent\" data-id=\"4262d0e1\" data-element_type=\"container\" data-e-type=\"container\" data-settings=\"{&quot;background_background&quot;:&quot;classic&quot;}\">\n\t\t\t\t<div class=\"elementor-element elementor-element-ea731ed elementor-widget elementor-widget-text-editor\" data-id=\"ea731ed\" data-element_type=\"widget\" data-e-type=\"widget\" data-widget_type=\"text-editor.default\">\n\t\t\t\t\t\t\t\t\t<table><tbody><tr><th rowspan=\"2\">Medidor de<br \/>Strand e Barb em B.W.G.<\/th><th colspan=\"4\">Comprimento aproximado por quilo em metros<\/th><\/tr><tr><th>Espa\u00e7amento das farpas de 3<\/th><th>Espa\u00e7amento das farpas 4<\/th><th>Espa\u00e7amento das farpas 5<\/th><th>Espa\u00e7amento das farpas 6<\/th><\/tr><tr><td>12 \u00d7 12<\/td><td>6.0617<\/td><td>6.7590<\/td><td>7.2700<\/td><td>7.6376<\/td><\/tr><tr><td>12 \u00d7 14<\/td><td>7.3335<\/td><td>7.9051<\/td><td>8.3015<\/td><td>8.5741<\/td><\/tr><tr><td>12-1\/2 \u00d7 12-1\/2<\/td><td>6.9223<\/td><td>7.7190<\/td><td>8.3022<\/td><td>8.7221<\/td><\/tr><tr><td>12-1\/2 \u00d7 14<\/td><td>8.1096<\/td><td>8.814<\/td><td>9.2242<\/td><td>9.5620<\/td><\/tr><tr><td>13 \u00d7 13<\/td><td>7.9808<\/td><td>8.899<\/td><td>9.5721<\/td><td>10.0553<\/td><\/tr><tr><td>13 \u00d7 14<\/td><td>8.8448<\/td><td>9.6899<\/td><td>10.2923<\/td><td>10.7146<\/td><\/tr><tr><td>13-1\/2 \u00d7 14<\/td><td>9.6079<\/td><td>10.6134<\/td><td>11.4705<\/td><td>11.8553<\/td><\/tr><tr><td>14 \u00d7 14<\/td><td>10.4569<\/td><td>11.6590<\/td><td>12.5423<\/td><td>13.1752<\/td><\/tr><tr><td>14-1\/2 \u00d7 14-1\/2<\/td><td>11.9875<\/td><td>13.3671<\/td><td>14.3781<\/td><td>15.1034<\/td><\/tr><tr><td>15 \u00d7 15<\/td><td>13.8927<\/td><td>15.4942<\/td><td>16.6666<\/td><td>17.5070<\/td><\/tr><tr><td>15-1\/2 \u00d7 15-1\/2<\/td><td>15.3491<\/td><td>17.1144<\/td><td>18.4060<\/td><td>19.3386<\/td><\/tr><\/tbody><\/table>\t\t\t\t\t\t\t\t<\/div>\n\t\t\t\t<\/div>\n\t\t<div class=\"elementor-element elementor-element-3678542b e-flex e-con-boxed e-con e-parent\" data-id=\"3678542b\" data-element_type=\"container\" data-e-type=\"container\" data-settings=\"{&quot;background_background&quot;:&quot;classic&quot;}\">\n\t\t\t\t\t<div class=\"e-con-inner\">\n\t\t<div class=\"elementor-element elementor-element-3c822f9d e-con-full e-flex e-con e-child\" data-id=\"3c822f9d\" data-element_type=\"container\" data-e-type=\"container\">\n\t\t<div class=\"elementor-element elementor-element-5f21363f e-con-full e-flex e-con e-child\" data-id=\"5f21363f\" data-element_type=\"container\" data-e-type=\"container\">\n\t\t\t\t<div class=\"elementor-element elementor-element-7b753ead elementor-invisible elementor-widget elementor-widget-image\" data-id=\"7b753ead\" data-element_type=\"widget\" data-e-type=\"widget\" data-settings=\"{&quot;_animation&quot;:&quot;zoomIn&quot;}\" data-widget_type=\"image.default\">\n\t\t\t\t\t\t\t\t\t\t\t\t\t\t\t<img decoding=\"async\" width=\"1024\" height=\"774\" src=\"https:\/\/razorbarbedwiresupplier.com\/wp-content\/uploads\/2025\/08\/b6d8a90b7f0d5ceedf303e78f884477a1-1024x774.png\" class=\"attachment-large size-large wp-image-771\" alt=\"\" srcset=\"https:\/\/razorbarbedwiresupplier.com\/wp-content\/uploads\/2025\/08\/b6d8a90b7f0d5ceedf303e78f884477a1-1024x774.png 1024w, https:\/\/razorbarbedwiresupplier.com\/wp-content\/uploads\/2025\/08\/b6d8a90b7f0d5ceedf303e78f884477a1-300x227.png 300w, https:\/\/razorbarbedwiresupplier.com\/wp-content\/uploads\/2025\/08\/b6d8a90b7f0d5ceedf303e78f884477a1-768x580.png 768w, https:\/\/razorbarbedwiresupplier.com\/wp-content\/uploads\/2025\/08\/b6d8a90b7f0d5ceedf303e78f884477a1.png 1104w\" sizes=\"(max-width: 1024px) 100vw, 1024px\" \/>\t\t\t\t\t\t\t\t\t\t\t\t\t\t\t<\/div>\n\t\t\t\t<\/div>\n\t\t<div class=\"elementor-element elementor-element-7f38a910 e-con-full e-flex e-con e-child\" data-id=\"7f38a910\" data-element_type=\"container\" data-e-type=\"container\">\n\t\t\t\t<div class=\"elementor-element elementor-element-64e39c06 elementor-invisible elementor-widget elementor-widget-image\" data-id=\"64e39c06\" data-element_type=\"widget\" data-e-type=\"widget\" data-settings=\"{&quot;_animation&quot;:&quot;zoomIn&quot;}\" data-widget_type=\"image.default\">\n\t\t\t\t\t\t\t\t\t\t\t\t\t\t\t<img decoding=\"async\" width=\"1024\" height=\"774\" src=\"https:\/\/razorbarbedwiresupplier.com\/wp-content\/uploads\/2025\/08\/e3359db31ea6fed90a8e8462a77875091-1024x774.png\" class=\"attachment-large size-large wp-image-772\" alt=\"\" srcset=\"https:\/\/razorbarbedwiresupplier.com\/wp-content\/uploads\/2025\/08\/e3359db31ea6fed90a8e8462a77875091-1024x774.png 1024w, https:\/\/razorbarbedwiresupplier.com\/wp-content\/uploads\/2025\/08\/e3359db31ea6fed90a8e8462a77875091-300x227.png 300w, https:\/\/razorbarbedwiresupplier.com\/wp-content\/uploads\/2025\/08\/e3359db31ea6fed90a8e8462a77875091-768x580.png 768w, https:\/\/razorbarbedwiresupplier.com\/wp-content\/uploads\/2025\/08\/e3359db31ea6fed90a8e8462a77875091.png 1104w\" sizes=\"(max-width: 1024px) 100vw, 1024px\" \/>\t\t\t\t\t\t\t\t\t\t\t\t\t\t\t<\/div>\n\t\t\t\t<\/div>\n\t\t<div class=\"elementor-element elementor-element-26f7e2c e-con-full e-flex e-con e-child\" data-id=\"26f7e2c\" data-element_type=\"container\" data-e-type=\"container\">\n\t\t\t\t<div class=\"elementor-element elementor-element-36a858cb elementor-invisible elementor-widget elementor-widget-image\" data-id=\"36a858cb\" data-element_type=\"widget\" data-e-type=\"widget\" data-settings=\"{&quot;_animation&quot;:&quot;zoomIn&quot;}\" data-widget_type=\"image.default\">\n\t\t\t\t\t\t\t\t\t\t\t\t\t\t\t<img loading=\"lazy\" decoding=\"async\" width=\"1024\" height=\"774\" src=\"https:\/\/razorbarbedwiresupplier.com\/wp-content\/uploads\/2025\/08\/f0527cf59323423640530d9c593294651-1024x774.png\" class=\"attachment-large size-large wp-image-773\" alt=\"\" srcset=\"https:\/\/razorbarbedwiresupplier.com\/wp-content\/uploads\/2025\/08\/f0527cf59323423640530d9c593294651-1024x774.png 1024w, https:\/\/razorbarbedwiresupplier.com\/wp-content\/uploads\/2025\/08\/f0527cf59323423640530d9c593294651-300x227.png 300w, https:\/\/razorbarbedwiresupplier.com\/wp-content\/uploads\/2025\/08\/f0527cf59323423640530d9c593294651-768x580.png 768w, https:\/\/razorbarbedwiresupplier.com\/wp-content\/uploads\/2025\/08\/f0527cf59323423640530d9c593294651.png 1104w\" sizes=\"(max-width: 1024px) 100vw, 1024px\" \/>\t\t\t\t\t\t\t\t\t\t\t\t\t\t\t<\/div>\n\t\t\t\t<\/div>\n\t\t<div class=\"elementor-element elementor-element-2b29be61 e-con-full e-flex e-con e-child\" data-id=\"2b29be61\" data-element_type=\"container\" data-e-type=\"container\">\n\t\t\t\t<div class=\"elementor-element elementor-element-2b947832 elementor-invisible elementor-widget elementor-widget-image\" data-id=\"2b947832\" data-element_type=\"widget\" data-e-type=\"widget\" data-settings=\"{&quot;_animation&quot;:&quot;zoomIn&quot;}\" data-widget_type=\"image.default\">\n\t\t\t\t\t\t\t\t\t\t\t\t\t\t\t<img loading=\"lazy\" decoding=\"async\" width=\"1024\" height=\"774\" src=\"https:\/\/razorbarbedwiresupplier.com\/wp-content\/uploads\/2025\/08\/7c09c09e7bd6e586b8225f4223ac5b8f1-1024x774.jpg\" class=\"attachment-large size-large wp-image-774\" alt=\"\" srcset=\"https:\/\/razorbarbedwiresupplier.com\/wp-content\/uploads\/2025\/08\/7c09c09e7bd6e586b8225f4223ac5b8f1-1024x774.jpg 1024w, https:\/\/razorbarbedwiresupplier.com\/wp-content\/uploads\/2025\/08\/7c09c09e7bd6e586b8225f4223ac5b8f1-300x227.jpg 300w, https:\/\/razorbarbedwiresupplier.com\/wp-content\/uploads\/2025\/08\/7c09c09e7bd6e586b8225f4223ac5b8f1-768x580.jpg 768w, https:\/\/razorbarbedwiresupplier.com\/wp-content\/uploads\/2025\/08\/7c09c09e7bd6e586b8225f4223ac5b8f1.jpg 1104w\" sizes=\"(max-width: 1024px) 100vw, 1024px\" \/>\t\t\t\t\t\t\t\t\t\t\t\t\t\t\t<\/div>\n\t\t\t\t<\/div>\n\t\t\t\t<\/div>\n\t\t\t\t\t<\/div>\n\t\t\t\t<\/div>\n\t\t\t\t<\/div>","protected":false},"excerpt":{"rendered":"<p>PVC Coated Barbed Wi [&hellip;]<\/p>\n","protected":false},"author":1,"featured_media":0,"parent":0,"menu_order":0,"comment_status":"closed","ping_status":"closed","template":"","meta":{"site-sidebar-layout":"no-sidebar","site-content-layout":"","ast-site-content-layout":"full-width-container","site-content-style":"default","site-sidebar-style":"default","ast-global-header-display":"","ast-banner-title-visibility":"","ast-main-header-display":"","ast-hfb-above-header-display":"","ast-hfb-below-header-display":"","ast-hfb-mobile-header-display":"","site-post-title":"disabled","ast-breadcrumbs-content":"","ast-featured-img":"disabled","footer-sml-layout":"","ast-disable-related-posts":"","theme-transparent-header-meta":"","adv-header-id-meta":"","stick-header-meta":"","header-above-stick-meta":"","header-main-stick-meta":"","header-below-stick-meta":"","astra-migrate-meta-layouts":"default","ast-page-background-enabled":"default","ast-page-background-meta":{"desktop":{"background-color":"var(--ast-global-color-5)","background-image":"","background-repeat":"repeat","background-position":"center center","background-size":"auto","background-attachment":"scroll","background-type":"","background-media":"","overlay-type":"","overlay-color":"","overlay-opacity":"","overlay-gradient":""},"tablet":{"background-color":"","background-image":"","background-repeat":"repeat","background-position":"center center","background-size":"auto","background-attachment":"scroll","background-type":"","background-media":"","overlay-type":"","overlay-color":"","overlay-opacity":"","overlay-gradient":""},"mobile":{"background-color":"","background-image":"","background-repeat":"repeat","background-position":"center center","background-size":"auto","background-attachment":"scroll","background-type":"","background-media":"","overlay-type":"","overlay-color":"","overlay-opacity":"","overlay-gradient":""}},"ast-content-background-meta":{"desktop":{"background-color":"var(--ast-global-color-4)","background-image":"","background-repeat":"repeat","background-position":"center center","background-size":"auto","background-attachment":"scroll","background-type":"","background-media":"","overlay-type":"","overlay-color":"","overlay-opacity":"","overlay-gradient":""},"tablet":{"background-color":"var(--ast-global-color-4)","background-image":"","background-repeat":"repeat","background-position":"center center","background-size":"auto","background-attachment":"scroll","background-type":"","background-media":"","overlay-type":"","overlay-color":"","overlay-opacity":"","overlay-gradient":""},"mobile":{"background-color":"var(--ast-global-color-4)","background-image":"","background-repeat":"repeat","background-position":"center center","background-size":"auto","background-attachment":"scroll","background-type":"","background-media":"","overlay-type":"","overlay-color":"","overlay-opacity":"","overlay-gradient":""}},"footnotes":""},"class_list":["post-256","page","type-page","status-publish","hentry"],"yoast_head":"<!-- This site is optimized with the Yoast SEO Premium plugin v26.3 (Yoast SEO v27.4) - https:\/\/yoast.com\/product\/yoast-seo-premium-wordpress\/ -->\n<title>PVC Coated Barbed Wire - Professional Razor Wire, Concertina Wire &amp; Barbed Wire Manufacturer | Custom Solutions<\/title>\n<meta name=\"description\" content=\"Professional razor wire, concertina wire &amp; barbed wire manufacturer with first-class factories. Customize wire diameter, coil size &amp; coating to meet your needs. Competitive prices for global exports.\" \/>\n<meta name=\"robots\" content=\"index, follow, max-snippet:-1, max-image-preview:large, max-video-preview:-1\" \/>\n<link rel=\"canonical\" href=\"https:\/\/razorbarbedwiresupplier.com\/pt\/arame-farpado-revestido-de-pvc\/\" \/>\n<meta property=\"og:locale\" content=\"pt_BR\" \/>\n<meta property=\"og:type\" content=\"article\" \/>\n<meta property=\"og:title\" content=\"PVC Coated Barbed Wire\" \/>\n<meta property=\"og:description\" content=\"Professional razor wire, concertina wire &amp; barbed wire manufacturer with first-class factories. Customize wire diameter, coil size &amp; coating to meet your needs. Competitive prices for global exports.\" \/>\n<meta property=\"og:url\" content=\"https:\/\/razorbarbedwiresupplier.com\/pt\/arame-farpado-revestido-de-pvc\/\" \/>\n<meta property=\"og:site_name\" content=\"Professional Razor Wire, Concertina Wire &amp; Barbed Wire Manufacturer | Custom Solutions\" \/>\n<meta property=\"article:modified_time\" content=\"2026-01-21T00:48:50+00:00\" \/>\n<meta property=\"og:image\" content=\"https:\/\/razorbarbedwiresupplier.com\/wp-content\/uploads\/2025\/08\/1320056acf79eb578ec260ea150e13c6.jpg\" \/>\n\t<meta property=\"og:image:width\" content=\"1240\" \/>\n\t<meta property=\"og:image:height\" content=\"928\" \/>\n\t<meta property=\"og:image:type\" content=\"image\/jpeg\" \/>\n<meta name=\"twitter:card\" content=\"summary_large_image\" \/>\n<meta name=\"twitter:label1\" content=\"Est. tempo de leitura\" \/>\n\t<meta name=\"twitter:data1\" content=\"2 minutos\" \/>\n<script type=\"application\/ld+json\" class=\"yoast-schema-graph\">{\"@context\":\"https:\\\/\\\/schema.org\",\"@graph\":[{\"@type\":\"WebPage\",\"@id\":\"https:\\\/\\\/razorbarbedwiresupplier.com\\\/pvc-coated-barbed-wire\\\/\",\"url\":\"https:\\\/\\\/razorbarbedwiresupplier.com\\\/pvc-coated-barbed-wire\\\/\",\"name\":\"PVC Coated Barbed Wire - Professional Razor Wire, Concertina Wire &amp; Barbed Wire Manufacturer | Custom Solutions\",\"isPartOf\":{\"@id\":\"https:\\\/\\\/razorbarbedwiresupplier.com\\\/#website\"},\"primaryImageOfPage\":{\"@id\":\"https:\\\/\\\/razorbarbedwiresupplier.com\\\/pvc-coated-barbed-wire\\\/#primaryimage\"},\"image\":{\"@id\":\"https:\\\/\\\/razorbarbedwiresupplier.com\\\/pvc-coated-barbed-wire\\\/#primaryimage\"},\"thumbnailUrl\":\"https:\\\/\\\/razorbarbedwiresupplier.com\\\/wp-content\\\/uploads\\\/2025\\\/08\\\/1320056acf79eb578ec260ea150e13c6-1024x766.jpg\",\"datePublished\":\"2025-08-02T07:18:40+00:00\",\"dateModified\":\"2026-01-21T00:48:50+00:00\",\"description\":\"Professional razor wire, concertina wire & barbed wire manufacturer with first-class factories. Customize wire diameter, coil size & coating to meet your needs. Competitive prices for global exports.\",\"breadcrumb\":{\"@id\":\"https:\\\/\\\/razorbarbedwiresupplier.com\\\/pvc-coated-barbed-wire\\\/#breadcrumb\"},\"inLanguage\":\"pt-BR\",\"potentialAction\":[{\"@type\":\"ReadAction\",\"target\":[\"https:\\\/\\\/razorbarbedwiresupplier.com\\\/pvc-coated-barbed-wire\\\/\"]}]},{\"@type\":\"ImageObject\",\"inLanguage\":\"pt-BR\",\"@id\":\"https:\\\/\\\/razorbarbedwiresupplier.com\\\/pvc-coated-barbed-wire\\\/#primaryimage\",\"url\":\"https:\\\/\\\/razorbarbedwiresupplier.com\\\/wp-content\\\/uploads\\\/2025\\\/08\\\/1320056acf79eb578ec260ea150e13c6-1024x766.jpg\",\"contentUrl\":\"https:\\\/\\\/razorbarbedwiresupplier.com\\\/wp-content\\\/uploads\\\/2025\\\/08\\\/1320056acf79eb578ec260ea150e13c6-1024x766.jpg\"},{\"@type\":\"BreadcrumbList\",\"@id\":\"https:\\\/\\\/razorbarbedwiresupplier.com\\\/pvc-coated-barbed-wire\\\/#breadcrumb\",\"itemListElement\":[{\"@type\":\"ListItem\",\"position\":1,\"name\":\"\u9996\u9875\",\"item\":\"https:\\\/\\\/razorbarbedwiresupplier.com\\\/\"},{\"@type\":\"ListItem\",\"position\":2,\"name\":\"PVC Coated Barbed Wire\"}]},{\"@type\":\"WebSite\",\"@id\":\"https:\\\/\\\/razorbarbedwiresupplier.com\\\/#website\",\"url\":\"https:\\\/\\\/razorbarbedwiresupplier.com\\\/\",\"name\":\"Tuolun Outdoor Safety Razor Wire Solution Factory\",\"description\":\"Outdoor Razor Wire Fencing Solutions\",\"publisher\":{\"@id\":\"https:\\\/\\\/razorbarbedwiresupplier.com\\\/#organization\"},\"alternateName\":\"Tuolun BTO16\\\/22-CBT60\\\/65 barbed wire production factory\",\"potentialAction\":[{\"@type\":\"SearchAction\",\"target\":{\"@type\":\"EntryPoint\",\"urlTemplate\":\"https:\\\/\\\/razorbarbedwiresupplier.com\\\/?s={search_term_string}\"},\"query-input\":{\"@type\":\"PropertyValueSpecification\",\"valueRequired\":true,\"valueName\":\"search_term_string\"}}],\"inLanguage\":\"pt-BR\"},{\"@type\":\"Organization\",\"@id\":\"https:\\\/\\\/razorbarbedwiresupplier.com\\\/#organization\",\"name\":\"Tuolun Outdoor Safety Razor Wire Solution Factory\",\"alternateName\":\"Tuolun BTO16\\\/22-CBT60\\\/65 barbed wire production factory\",\"url\":\"https:\\\/\\\/razorbarbedwiresupplier.com\\\/\",\"logo\":{\"@type\":\"ImageObject\",\"inLanguage\":\"pt-BR\",\"@id\":\"https:\\\/\\\/razorbarbedwiresupplier.com\\\/#\\\/schema\\\/logo\\\/image\\\/\",\"url\":\"https:\\\/\\\/razorbarbedwiresupplier.com\\\/wp-content\\\/uploads\\\/2025\\\/07\\\/cropped-a772bba972e4d0d844c588ab2750d6f81.png\",\"contentUrl\":\"https:\\\/\\\/razorbarbedwiresupplier.com\\\/wp-content\\\/uploads\\\/2025\\\/07\\\/cropped-a772bba972e4d0d844c588ab2750d6f81.png\",\"width\":711,\"height\":189,\"caption\":\"Tuolun Outdoor Safety Razor Wire Solution Factory\"},\"image\":{\"@id\":\"https:\\\/\\\/razorbarbedwiresupplier.com\\\/#\\\/schema\\\/logo\\\/image\\\/\"}}]}<\/script>\n<!-- \/ Yoast SEO Premium plugin. -->","yoast_head_json":{"title":"PVC Coated Barbed Wire - Professional Razor Wire, Concertina Wire &amp; Barbed Wire Manufacturer | Custom Solutions","description":"Professional razor wire, concertina wire & barbed wire manufacturer with first-class factories. Customize wire diameter, coil size & coating to meet your needs. Competitive prices for global exports.","robots":{"index":"index","follow":"follow","max-snippet":"max-snippet:-1","max-image-preview":"max-image-preview:large","max-video-preview":"max-video-preview:-1"},"canonical":"https:\/\/razorbarbedwiresupplier.com\/pt\/arame-farpado-revestido-de-pvc\/","og_locale":"pt_BR","og_type":"article","og_title":"PVC Coated Barbed Wire","og_description":"Professional razor wire, concertina wire & barbed wire manufacturer with first-class factories. Customize wire diameter, coil size & coating to meet your needs. Competitive prices for global exports.","og_url":"https:\/\/razorbarbedwiresupplier.com\/pt\/arame-farpado-revestido-de-pvc\/","og_site_name":"Professional Razor Wire, Concertina Wire &amp; Barbed Wire Manufacturer | Custom Solutions","article_modified_time":"2026-01-21T00:48:50+00:00","og_image":[{"width":1240,"height":928,"url":"https:\/\/razorbarbedwiresupplier.com\/wp-content\/uploads\/2025\/08\/1320056acf79eb578ec260ea150e13c6.jpg","type":"image\/jpeg"}],"twitter_card":"summary_large_image","twitter_misc":{"Est. tempo de leitura":"2 minutos"},"schema":{"@context":"https:\/\/schema.org","@graph":[{"@type":"WebPage","@id":"https:\/\/razorbarbedwiresupplier.com\/pvc-coated-barbed-wire\/","url":"https:\/\/razorbarbedwiresupplier.com\/pvc-coated-barbed-wire\/","name":"PVC Coated Barbed Wire - Professional Razor Wire, Concertina Wire &amp; Barbed Wire Manufacturer | Custom Solutions","isPartOf":{"@id":"https:\/\/razorbarbedwiresupplier.com\/#website"},"primaryImageOfPage":{"@id":"https:\/\/razorbarbedwiresupplier.com\/pvc-coated-barbed-wire\/#primaryimage"},"image":{"@id":"https:\/\/razorbarbedwiresupplier.com\/pvc-coated-barbed-wire\/#primaryimage"},"thumbnailUrl":"https:\/\/razorbarbedwiresupplier.com\/wp-content\/uploads\/2025\/08\/1320056acf79eb578ec260ea150e13c6-1024x766.jpg","datePublished":"2025-08-02T07:18:40+00:00","dateModified":"2026-01-21T00:48:50+00:00","description":"Professional razor wire, concertina wire & barbed wire manufacturer with first-class factories. Customize wire diameter, coil size & coating to meet your needs. Competitive prices for global exports.","breadcrumb":{"@id":"https:\/\/razorbarbedwiresupplier.com\/pvc-coated-barbed-wire\/#breadcrumb"},"inLanguage":"pt-BR","potentialAction":[{"@type":"ReadAction","target":["https:\/\/razorbarbedwiresupplier.com\/pvc-coated-barbed-wire\/"]}]},{"@type":"ImageObject","inLanguage":"pt-BR","@id":"https:\/\/razorbarbedwiresupplier.com\/pvc-coated-barbed-wire\/#primaryimage","url":"https:\/\/razorbarbedwiresupplier.com\/wp-content\/uploads\/2025\/08\/1320056acf79eb578ec260ea150e13c6-1024x766.jpg","contentUrl":"https:\/\/razorbarbedwiresupplier.com\/wp-content\/uploads\/2025\/08\/1320056acf79eb578ec260ea150e13c6-1024x766.jpg"},{"@type":"BreadcrumbList","@id":"https:\/\/razorbarbedwiresupplier.com\/pvc-coated-barbed-wire\/#breadcrumb","itemListElement":[{"@type":"ListItem","position":1,"name":"\u9996\u9875","item":"https:\/\/razorbarbedwiresupplier.com\/"},{"@type":"ListItem","position":2,"name":"PVC Coated Barbed Wire"}]},{"@type":"WebSite","@id":"https:\/\/razorbarbedwiresupplier.com\/#website","url":"https:\/\/razorbarbedwiresupplier.com\/","name":"Tuolun Outdoor Safety Razor Wire Solution Factory","description":"Outdoor Razor Wire Fencing Solutions","publisher":{"@id":"https:\/\/razorbarbedwiresupplier.com\/#organization"},"alternateName":"Tuolun BTO16\/22-CBT60\/65 barbed wire production factory","potentialAction":[{"@type":"SearchAction","target":{"@type":"EntryPoint","urlTemplate":"https:\/\/razorbarbedwiresupplier.com\/?s={search_term_string}"},"query-input":{"@type":"PropertyValueSpecification","valueRequired":true,"valueName":"search_term_string"}}],"inLanguage":"pt-BR"},{"@type":"Organization","@id":"https:\/\/razorbarbedwiresupplier.com\/#organization","name":"Tuolun Outdoor Safety Razor Wire Solution Factory","alternateName":"Tuolun BTO16\/22-CBT60\/65 barbed wire production factory","url":"https:\/\/razorbarbedwiresupplier.com\/","logo":{"@type":"ImageObject","inLanguage":"pt-BR","@id":"https:\/\/razorbarbedwiresupplier.com\/#\/schema\/logo\/image\/","url":"https:\/\/razorbarbedwiresupplier.com\/wp-content\/uploads\/2025\/07\/cropped-a772bba972e4d0d844c588ab2750d6f81.png","contentUrl":"https:\/\/razorbarbedwiresupplier.com\/wp-content\/uploads\/2025\/07\/cropped-a772bba972e4d0d844c588ab2750d6f81.png","width":711,"height":189,"caption":"Tuolun Outdoor Safety Razor Wire Solution Factory"},"image":{"@id":"https:\/\/razorbarbedwiresupplier.com\/#\/schema\/logo\/image\/"}}]}},"_links":{"self":[{"href":"https:\/\/razorbarbedwiresupplier.com\/pt\/wp-json\/wp\/v2\/pages\/256","targetHints":{"allow":["GET"]}}],"collection":[{"href":"https:\/\/razorbarbedwiresupplier.com\/pt\/wp-json\/wp\/v2\/pages"}],"about":[{"href":"https:\/\/razorbarbedwiresupplier.com\/pt\/wp-json\/wp\/v2\/types\/page"}],"author":[{"embeddable":true,"href":"https:\/\/razorbarbedwiresupplier.com\/pt\/wp-json\/wp\/v2\/users\/1"}],"replies":[{"embeddable":true,"href":"https:\/\/razorbarbedwiresupplier.com\/pt\/wp-json\/wp\/v2\/comments?post=256"}],"version-history":[{"count":13,"href":"https:\/\/razorbarbedwiresupplier.com\/pt\/wp-json\/wp\/v2\/pages\/256\/revisions"}],"predecessor-version":[{"id":1079,"href":"https:\/\/razorbarbedwiresupplier.com\/pt\/wp-json\/wp\/v2\/pages\/256\/revisions\/1079"}],"wp:attachment":[{"href":"https:\/\/razorbarbedwiresupplier.com\/pt\/wp-json\/wp\/v2\/media?parent=256"}],"curies":[{"name":"wp","href":"https:\/\/api.w.org\/{rel}","templated":true}]}}